{"id":9294,"date":"2022-10-15T02:34:22","date_gmt":"2022-10-14T23:34:22","guid":{"rendered":"https:\/\/www.millicozum.com\/mc\/?page_id=9294"},"modified":"2025-10-26T17:20:18","modified_gmt":"2025-10-26T14:20:18","slug":"iletisim","status":"publish","type":"page","link":"https:\/\/www.millicozum.com\/mc\/iletisim\/","title":{"rendered":"\u0130leti\u015fim"},"content":{"rendered":"\t\t<div data-elementor-type=\"wp-page\" data-elementor-id=\"9294\" class=\"elementor elementor-9294\" data-elementor-settings=\"{&quot;element_pack_global_tooltip_width&quot;:{&quot;unit&quot;:&quot;px&quot;,&quot;size&quot;:&quot;&quot;,&quot;sizes&quot;:[]},&quot;element_pack_global_tooltip_width_tablet&quot;:{&quot;unit&quot;:&quot;px&quot;,&quot;size&quot;:&quot;&quot;,&quot;sizes&quot;:[]},&quot;element_pack_global_tooltip_width_mobile&quot;:{&quot;unit&quot;:&quot;px&quot;,&quot;size&quot;:&quot;&quot;,&quot;sizes&quot;:[]},&quot;element_pack_global_tooltip_padding&quot;:{&quot;unit&quot;:&quot;px&quot;,&quot;top&quot;:&quot;&quot;,&quot;right&quot;:&quot;&quot;,&quot;bottom&quot;:&quot;&quot;,&quot;left&quot;:&quot;&quot;,&quot;isLinked&quot;:true},&quot;element_pack_global_tooltip_padding_tablet&quot;:{&quot;unit&quot;:&quot;px&quot;,&quot;top&quot;:&quot;&quot;,&quot;right&quot;:&quot;&quot;,&quot;bottom&quot;:&quot;&quot;,&quot;left&quot;:&quot;&quot;,&quot;isLinked&quot;:true},&quot;element_pack_global_tooltip_padding_mobile&quot;:{&quot;unit&quot;:&quot;px&quot;,&quot;top&quot;:&quot;&quot;,&quot;right&quot;:&quot;&quot;,&quot;bottom&quot;:&quot;&quot;,&quot;left&quot;:&quot;&quot;,&quot;isLinked&quot;:true},&quot;element_pack_global_tooltip_border_radius&quot;:{&quot;unit&quot;:&quot;px&quot;,&quot;top&quot;:&quot;&quot;,&quot;right&quot;:&quot;&quot;,&quot;bottom&quot;:&quot;&quot;,&quot;left&quot;:&quot;&quot;,&quot;isLinked&quot;:true},&quot;element_pack_global_tooltip_border_radius_tablet&quot;:{&quot;unit&quot;:&quot;px&quot;,&quot;top&quot;:&quot;&quot;,&quot;right&quot;:&quot;&quot;,&quot;bottom&quot;:&quot;&quot;,&quot;left&quot;:&quot;&quot;,&quot;isLinked&quot;:true},&quot;element_pack_global_tooltip_border_radius_mobile&quot;:{&quot;unit&quot;:&quot;px&quot;,&quot;top&quot;:&quot;&quot;,&quot;right&quot;:&quot;&quot;,&quot;bottom&quot;:&quot;&quot;,&quot;left&quot;:&quot;&quot;,&quot;isLinked&quot;:true}}\" data-elementor-post-type=\"page\">\n\t\t\t\t\t\t<section class=\"elementor-section elementor-top-section elementor-element elementor-element-9973208 elementor-section-boxed elementor-section-height-default elementor-section-height-default\" data-id=\"9973208\" data-element_type=\"section\" data-settings=\"{&quot;background_background&quot;:&quot;classic&quot;}\">\n\t\t\t\t\t\t<div class=\"elementor-container elementor-column-gap-default\">\n\t\t\t\t\t<div class=\"elementor-column elementor-col-100 elementor-top-column elementor-element elementor-element-9ab657d\" data-id=\"9ab657d\" data-element_type=\"column\" data-settings=\"{&quot;background_background&quot;:&quot;classic&quot;}\">\n\t\t\t<div class=\"elementor-widget-wrap elementor-element-populated\">\n\t\t\t\t\t\t<div class=\"elementor-element elementor-element-3cbe607 elementor-widget elementor-widget-heading\" data-id=\"3cbe607\" data-element_type=\"widget\" data-widget_type=\"heading.default\">\n\t\t\t\t<div class=\"elementor-widget-container\">\n\t\t\t\t\t<h2 class=\"elementor-heading-title elementor-size-default\">Dergi K\u00fcnyesi<\/h2>\t\t\t\t<\/div>\n\t\t\t\t<\/div>\n\t\t\t\t<div class=\"elementor-element elementor-element-cb75e4d elementor-hidden-mobile elementor-widget elementor-widget-image\" data-id=\"cb75e4d\" data-element_type=\"widget\" data-widget_type=\"image.default\">\n\t\t\t\t<div class=\"elementor-widget-container\">\n\t\t\t\t\t\t\t\t\t\t\t\t\t\t\t\t<a href=\"https:\/\/www.millicozum.com\/mc\/wp-content\/uploads\/mcdkunye.png\" data-elementor-open-lightbox=\"yes\" data-e-action-hash=\"#elementor-action%3Aaction%3Dlightbox%26settings%3DeyJpZCI6MzE1MDcsInVybCI6ZmFsc2V9\">\n\t\t\t\t\t\t\t<img decoding=\"async\" src=\"https:\/\/www.millicozum.com\/mc\/wp-content\/uploads\/mcdkunye.png\" title=\"\" alt=\"\" loading=\"lazy\" \/>\t\t\t\t\t\t\t\t<\/a>\n\t\t\t\t\t\t\t\t\t\t\t\t\t\t\t<\/div>\n\t\t\t\t<\/div>\n\t\t\t\t<section class=\"elementor-section elementor-inner-section elementor-element elementor-element-28d289b elementor-hidden-desktop elementor-hidden-tablet elementor-section-boxed elementor-section-height-default elementor-section-height-default\" data-id=\"28d289b\" data-element_type=\"section\">\n\t\t\t\t\t\t<div class=\"elementor-container elementor-column-gap-default\">\n\t\t\t\t\t<div class=\"elementor-column elementor-col-33 elementor-inner-column elementor-element elementor-element-d260546\" data-id=\"d260546\" data-element_type=\"column\">\n\t\t\t<div class=\"elementor-widget-wrap elementor-element-populated\">\n\t\t\t\t\t\t<div class=\"elementor-element elementor-element-e3c6383 elementor-widget elementor-widget-text-editor\" data-id=\"e3c6383\" data-element_type=\"widget\" data-widget_type=\"text-editor.default\">\n\t\t\t\t<div class=\"elementor-widget-container\">\n\t\t\t\t\t\t\t\t\t<p style=\"text-align: center;\"><strong>DERG\u0130 SAH\u0130B\u0130<br \/><\/strong>\u00a0Ramazan Y\u00dcCEL<\/p><p style=\"text-align: center;\">**********<\/p><p style=\"text-align: center;\"><strong>GENEL YAYIN Y\u00d6NETMEN\u0130<\/strong><br \/>Osman ERAYDIN<\/p><p style=\"text-align: center;\">**********<\/p><p style=\"text-align: center;\"><strong>ARA\u015eTIRMA VE AR\u015e\u0130V DANI\u015eMANI<\/strong><\/p><p style=\"text-align: center;\">Nail KIZILKAN<\/p><p style=\"text-align: center;\">***********<\/p><p style=\"text-align: center;\"><strong>SORUMLU YAZI \u0130\u015eLER\u0130 M\u00dcD\u00dcR\u00dc<\/strong><br \/>\u00d6mer \u00c7A\u011eIL<\/p><p style=\"text-align: center;\">**********<\/p><p style=\"text-align: center;\"><strong>ED\u0130T\u00d6R<\/strong><br \/>Ali \u00c7A\u011eIL<\/p><p style=\"text-align: center;\">**********<\/p><p style=\"text-align: center;\"><strong>HABER M\u00dcD\u00dcR\u00dc<br \/><\/strong>Ufuk EFE<\/p><p style=\"text-align: center;\"><em><strong>e-mail:<span style=\"color: #000000;\">\u00a0<a style=\"color: #000000;\" href=\"mailto:haber@millicozum.com\">haber@millicozum.com<\/a><\/span><br \/><\/strong><\/em>**********<\/p><p style=\"text-align: center;\"><strong>PAZARLAMA VE REKLAM M\u00dcD\u00dcR\u00dc<\/strong><br \/>Yakup G\u00d6Z\u00dcB\u00dcY\u00dcK<\/p><p style=\"text-align: center;\">\u00a0<\/p>\t\t\t\t\t\t\t\t<\/div>\n\t\t\t\t<\/div>\n\t\t\t\t\t<\/div>\n\t\t<\/div>\n\t\t\t\t<div class=\"elementor-column elementor-col-33 elementor-inner-column elementor-element elementor-element-9460cd4\" data-id=\"9460cd4\" data-element_type=\"column\">\n\t\t\t<div class=\"elementor-widget-wrap elementor-element-populated\">\n\t\t\t\t\t\t<div class=\"elementor-element elementor-element-be2b559 elementor-widget elementor-widget-text-editor\" data-id=\"be2b559\" data-element_type=\"widget\" data-widget_type=\"text-editor.default\">\n\t\t\t\t<div class=\"elementor-widget-container\">\n\t\t\t\t\t\t\t\t\t<p style=\"text-align: center;\"><strong>\u0130RT\u0130BAT TELEFONLARI<\/strong><\/p><p style=\"text-align: center;\"><strong><em>Yaz\u0131 ve Yay\u0131n Politikas\u0131<\/em><\/strong><\/p><p style=\"text-align: center;\"><strong>Ufuk EFE<\/strong><\/p><p style=\"text-align: center;\"><strong>Cep:\u00a00 533 632 04 26 <br \/>B\u00fcro: 0 262 323 14 56<\/strong><\/p><p style=\"text-align: center;\"><strong>*<\/strong><\/p><p style=\"text-align: center;\"><strong><em>Reklam ve Mali Konular<\/em><\/strong><\/p><p style=\"text-align: center;\"><strong>Yakup G\u00d6Z\u00dcB\u00dcY\u00dcK<\/strong><\/p><p style=\"text-align: center;\"><strong>Cep: 0 532 660 12 79<\/strong><\/p><p style=\"text-align: center;\"><strong>*<\/strong><\/p><p style=\"text-align: center;\"><strong><em>Bas\u0131m ve Da\u011f\u0131t\u0131m Sorumlusu<\/em><\/strong><\/p><p style=\"text-align: center;\"><strong>Ramazan Y\u00dcCEL<\/strong><\/p><p style=\"text-align: center;\"><strong>Cep: 0 534 343 06 51<br \/><\/strong><\/p><p style=\"text-align: center;\">**********<\/p><p style=\"text-align: center;\"><strong>YAYIN KURULU<\/strong><\/p><p style=\"text-align: center;\">Osman ERAYDIN<\/p><p style=\"text-align: center;\">Ufuk EFE<\/p><p style=\"text-align: center;\">Adem Y\u00dcCEL<\/p><p style=\"text-align: center;\">Haz\u0131m ALTUNTA\u015e<\/p>\t\t\t\t\t\t\t\t<\/div>\n\t\t\t\t<\/div>\n\t\t\t\t\t<\/div>\n\t\t<\/div>\n\t\t\t\t<div class=\"elementor-column elementor-col-33 elementor-inner-column elementor-element elementor-element-b7c8b13\" data-id=\"b7c8b13\" data-element_type=\"column\">\n\t\t\t<div class=\"elementor-widget-wrap elementor-element-populated\">\n\t\t\t\t\t\t<div class=\"elementor-element elementor-element-59590ca elementor-widget elementor-widget-text-editor\" data-id=\"59590ca\" data-element_type=\"widget\" data-widget_type=\"text-editor.default\">\n\t\t\t\t<div class=\"elementor-widget-container\">\n\t\t\t\t\t\t\t\t\t<p style=\"text-align: center;\"><strong>\u0130DAR\u0130 MERKEZ<\/strong><\/p><p style=\"text-align: center;\"><strong><em>Merkezefendi Mah\u00e7. Mevlevihane \u00c7\u0131kmaz Sokak<\/em><\/strong><\/p><p style=\"text-align: center;\"><strong><em>No:1 7\/2 Daire:1<br \/><\/em><\/strong><\/p><p style=\"text-align: center;\"><strong><em>Zeytinburnu \/ \u0130STANBUL<\/em><\/strong><\/p><p style=\"text-align: center;\">**********<\/p><p style=\"text-align: center;\"><strong>BANKA HESAP NO:<\/strong><\/p><p style=\"text-align: center;\">Yap\u0131 Kredi Bankas\u0131<\/p><p style=\"text-align: center;\">IBAN: TR960006701000000043885050<\/p><p style=\"text-align: center;\">**********<\/p><p style=\"text-align: center;\"><strong>ABONEL\u0130K \u0130\u015eLER\u0130<\/strong><\/p><p style=\"text-align: center;\">Yakup G\u00d6Z\u00dcB\u00dcY\u00dcK<\/p><p style=\"text-align: center;\"><strong>0 532 660 12 79<\/strong><\/p><p style=\"text-align: center;\"><strong>**************<br \/><\/strong><\/p><p style=\"text-align: center;\">\u00a0<\/p>\t\t\t\t\t\t\t\t<\/div>\n\t\t\t\t<\/div>\n\t\t\t\t\t<\/div>\n\t\t<\/div>\n\t\t\t\t\t<\/div>\n\t\t<\/section>\n\t\t\t\t<section class=\"elementor-section elementor-inner-section elementor-element elementor-element-c0ad8a5 elementor-section-boxed elementor-section-height-default elementor-section-height-default\" data-id=\"c0ad8a5\" data-element_type=\"section\">\n\t\t\t\t\t\t<div class=\"elementor-container elementor-column-gap-default\">\n\t\t\t\t\t<div class=\"elementor-column elementor-col-100 elementor-inner-column elementor-element elementor-element-e91f9ae\" data-id=\"e91f9ae\" data-element_type=\"column\">\n\t\t\t<div class=\"elementor-widget-wrap elementor-element-populated\">\n\t\t\t\t\t\t<div class=\"elementor-element elementor-element-52b170f elementor-widget elementor-widget-text-editor\" data-id=\"52b170f\" data-element_type=\"widget\" data-widget_type=\"text-editor.default\">\n\t\t\t\t<div class=\"elementor-widget-container\">\n\t\t\t\t\t\t\t\t\t<p><strong>Ulusal S\u00fcreli Yay\u0131n<\/strong><\/p><p><strong>T\u00fcm Haklar\u0131 Sakl\u0131d\u0131r<\/strong><\/p>\t\t\t\t\t\t\t\t<\/div>\n\t\t\t\t<\/div>\n\t\t\t\t<div class=\"elementor-element elementor-element-431522d elementor-align-center elementor-widget elementor-widget-button\" data-id=\"431522d\" data-element_type=\"widget\" data-widget_type=\"button.default\">\n\t\t\t\t<div class=\"elementor-widget-container\">\n\t\t\t\t\t\t\t\t\t<div class=\"elementor-button-wrapper\">\n\t\t\t\t\t<a class=\"elementor-button elementor-button-link elementor-size-sm\" href=\"#elementor-action%3Aaction%3Dpopup%3Aopen%26settings%3DeyJpZCI6IjE1OTY4IiwidG9nZ2xlIjpmYWxzZX0%3D\">\n\t\t\t\t\t\t<span class=\"elementor-button-content-wrapper\">\n\t\t\t\t\t\t\t\t\t<span class=\"elementor-button-text\">B\u0130ZE ULA\u015eIN<\/span>\n\t\t\t\t\t<\/span>\n\t\t\t\t\t<\/a>\n\t\t\t\t<\/div>\n\t\t\t\t\t\t\t\t<\/div>\n\t\t\t\t<\/div>\n\t\t\t\t\t<\/div>\n\t\t<\/div>\n\t\t\t\t\t<\/div>\n\t\t<\/section>\n\t\t\t\t\t<\/div>\n\t\t<\/div>\n\t\t\t\t\t<\/div>\n\t\t<\/section>\n\t\t\t\t<\/div>\n\t\t","protected":false},"excerpt":{"rendered":"<p>Dergi K\u00fcnyesi DERG\u0130 SAH\u0130B\u0130\u00a0Ramazan Y\u00dcCEL ********** GENEL YAYIN Y\u00d6NETMEN\u0130Osman ERAYDIN ********** ARA\u015eTIRMA VE AR\u015e\u0130V DANI\u015eMANI Nail KIZILKAN *********** SORUMLU YAZI \u0130\u015eLER\u0130 M\u00dcD\u00dcR\u00dc\u00d6mer \u00c7A\u011eIL ********** ED\u0130T\u00d6RAli \u00c7A\u011eIL ********** HABER M\u00dcD\u00dcR\u00dcUfuk EFE e-mail:\u00a0haber@millicozum.com********** PAZARLAMA VE REKLAM M\u00dcD\u00dcR\u00dcYakup G\u00d6Z\u00dcB\u00dcY\u00dcK \u00a0 \u0130RT\u0130BAT TELEFONLARI Yaz\u0131 ve Yay\u0131n Politikas\u0131 Ufuk EFE Cep:\u00a00 533 632 04 26 B\u00fcro: 0 262 323 14 [&hellip;]<\/p>\n","protected":false},"author":1,"featured_media":0,"parent":0,"menu_order":0,"comment_status":"closed","ping_status":"closed","template":"","meta":{"footnotes":""},"class_list":["post-9294","page","type-page","status-publish","hentry"],"_links":{"self":[{"href":"https:\/\/www.millicozum.com\/mc\/wp-json\/wp\/v2\/pages\/9294","targetHints":{"allow":["GET"]}}],"collection":[{"href":"https:\/\/www.millicozum.com\/mc\/wp-json\/wp\/v2\/pages"}],"about":[{"href":"https:\/\/www.millicozum.com\/mc\/wp-json\/wp\/v2\/types\/page"}],"author":[{"embeddable":true,"href":"https:\/\/www.millicozum.com\/mc\/wp-json\/wp\/v2\/users\/1"}],"replies":[{"embeddable":true,"href":"https:\/\/www.millicozum.com\/mc\/wp-json\/wp\/v2\/comments?post=9294"}],"version-history":[{"count":0,"href":"https:\/\/www.millicozum.com\/mc\/wp-json\/wp\/v2\/pages\/9294\/revisions"}],"wp:attachment":[{"href":"https:\/\/www.millicozum.com\/mc\/wp-json\/wp\/v2\/media?parent=9294"}],"curies":[{"name":"wp","href":"https:\/\/api.w.org\/{rel}","templated":true}]}}